{"id":228,"date":"2018-04-16T16:13:25","date_gmt":"2018-04-16T14:13:25","guid":{"rendered":"http:\/\/ulvsbomuren.se\/?page_id=228"},"modified":"2025-03-01T13:43:13","modified_gmt":"2025-03-01T12:43:13","slug":"about-ulvsbomuren","status":"publish","type":"page","link":"https:\/\/ulvsbomuren.se\/en\/about-ulvsbomuren\/","title":{"rendered":"About Ulvsbomuren"},"content":{"rendered":"<div class=\"fusion-fullwidth fullwidth-box fusion-builder-row-1 nonhundred-percent-fullwidth non-hundred-percent-height-scrolling\" style=\"--awb-border-radius-top-left:0px;--awb-border-radius-top-right:0px;--awb-border-radius-bottom-right:0px;--awb-border-radius-bottom-left:0px;--awb-flex-wrap:wrap;\" ><div class=\"fusion-builder-row fusion-row\"><div class=\"fusion-layout-column fusion_builder_column fusion-builder-column-0 fusion_builder_column_2_3 2_3 fusion-two-third fusion-column-first\" style=\"--awb-bg-size:cover;width:66.666666666667%;width:calc(66.666666666667% - ( ( 4% ) * 0.66666666666667 ) );margin-right: 4%;\"><div class=\"fusion-column-wrapper fusion-flex-column-wrapper-legacy\"><div class=\"fusion-title title fusion-title-1 fusion-sep-none fusion-title-text fusion-title-size-one\" style=\"--awb-margin-top-small:10px;--awb-margin-right-small:0px;--awb-margin-bottom-small:10px;--awb-margin-left-small:0px;\"><h1 class=\"fusion-title-heading title-heading-left fusion-responsive-typography-calculated\" style=\"margin:0;--fontSize:33;line-height:1.4;\">Welcome to Ulvsbomuren<\/h1><\/div><div class=\"fusion-text fusion-text-1\"><p><strong>A quality option for families, groups of friends or tight conference groups.<\/strong><\/p>\n<p><strong>In V\u00e4stmanland\u00b4s large forests, two hours west of Stockholm, wilderness meets rural life but also industrial history and the modern countryside. Here on the farm, you can experience the local flavour along with professional hosting and extensive knowledge of the area\u00b4s wild- and birdlife.<\/strong><\/p>\n<\/div><div class=\"fusion-title title fusion-title-2 fusion-sep-none fusion-title-text fusion-title-size-three\" style=\"--awb-margin-top-small:10px;--awb-margin-right-small:0px;--awb-margin-bottom-small:10px;--awb-margin-left-small:0px;\"><h3 class=\"fusion-title-heading title-heading-left fusion-responsive-typography-calculated\" style=\"margin:0;--fontSize:25;line-height:1.5;\">ABOUT ULVSBOMUREN<\/h3><\/div><div class=\"fusion-text fusion-text-2\"><p>Ulvsbomuren is located about ten kilometers north-west of the hamlet of Ramn\u00e4s along the river of Kolb\u00e4cks\u00e5n. Processing of iron has been the basis for the entire area since the 16th century. In 1590 the first ironworks where built by the river of Kolb\u00e4cks\u00e5n. In the middle of the 17th century there were five batters at the rapids in Ramn\u00e4s. A few miles upstream, at Seglingsberg, several batters and blast furnaces where already in production in the early 17th-century. The ironworks needed massive amounts of wood and charcoal and rented or gave away forest land to farmers who supplied the ironworks with wood and coal. Ulvsbomuren became an ideal location for some of these \u201cforestmen\u201d \u2013 close to the ironworks with a good access to the forest and fields for their cattle and good growing soil.<\/p>\n<p>Even today, 400 years later, when the forest is making a comeback, the fields surrounding Ulvsbomuren are still in use. Now, it is the sheep that keep the landscape open.<\/p>\n<\/div><div class=\"fusion-title title fusion-title-3 fusion-sep-none fusion-title-text fusion-title-size-three\" style=\"--awb-margin-top-small:10px;--awb-margin-right-small:0px;--awb-margin-bottom-small:10px;--awb-margin-left-small:0px;\"><h3 class=\"fusion-title-heading title-heading-left fusion-responsive-typography-calculated\" style=\"margin:0;--fontSize:25;line-height:1.5;\">ENVIRONMENTAL CARE<\/h3><\/div><div class=\"fusion-text fusion-text-3\"><p>Ulvsbomuren Vildmark &amp; Lantliv care about the environment. The farm produces electricity from solar panels and the buildings are heated with electricity, woodpellet stoves and wood stoves. Guests visiting the farm may charge their electric cars.<\/p>\n<p>The water is from our own quality-controlled well and the drain consists of a tank with soil infiltration. All household waste is composted and used as soil conditioner to the greenhouse and the garden plots. Other waste will be sorted and delivered for recycling. Food with localy produced ingredients is served, according to season. Local suppliers is a priority as well as eco-labelled products.<\/p>\n<p>Ulvsbomuren Vildmark &amp; Lantliv care about the area\u2019s rich natural and cultural values and I encourage guests to a prudent behaviour to minimize disturbance to wildlife and sensitive natural areas.<\/p>\n<p>Find out what moore to explore in the neighborhood\u00a0<a href=\"http:\/\/www.visitvastmanland.com\">www.visitvastmanland.com<\/a><\/p>\n<\/div><div class=\"fusion-clearfix\"><\/div><\/div><\/div><div class=\"fusion-layout-column fusion_builder_column fusion-builder-column-1 fusion_builder_column_1_3 1_3 fusion-one-third fusion-column-last\" style=\"--awb-bg-size:cover;width:33.333333333333%;width:calc(33.333333333333% - ( ( 4% ) * 0.33333333333333 ) );\"><div class=\"fusion-column-wrapper fusion-flex-column-wrapper-legacy\"><div class=\"fusion-image-element fusion-image-align-right in-legacy-container\" style=\"text-align:right;--awb-caption-title-font-family:var(--h2_typography-font-family);--awb-caption-title-font-weight:var(--h2_typography-font-weight);--awb-caption-title-font-style:var(--h2_typography-font-style);--awb-caption-title-size:var(--h2_typography-font-size);--awb-caption-title-transform:var(--h2_typography-text-transform);--awb-caption-title-line-height:var(--h2_typography-line-height);--awb-caption-title-letter-spacing:var(--h2_typography-letter-spacing);\"><span class=\" fusion-imageframe imageframe-none imageframe-1 hover-type-none img_om_ulvsbomuren\" style=\"margin-left:25px;float:right;\"><img decoding=\"async\" width=\"300\" height=\"204\" src=\"http:\/\/ulvsbomuren.se\/wp-content\/uploads\/2018\/04\/hellen_wistrand_300x204.jpg\" alt class=\"img-responsive wp-image-418\" srcset=\"https:\/\/ulvsbomuren.se\/wp-content\/uploads\/2018\/04\/hellen_wistrand_300x204-200x136.jpg 200w, https:\/\/ulvsbomuren.se\/wp-content\/uploads\/2018\/04\/hellen_wistrand_300x204.jpg 300w\" sizes=\"(max-width: 800px) 100vw, 300px\" \/><\/span><\/div><div class=\"fusion-image-element fusion-image-align-right in-legacy-container\" style=\"text-align:right;--awb-caption-title-font-family:var(--h2_typography-font-family);--awb-caption-title-font-weight:var(--h2_typography-font-weight);--awb-caption-title-font-style:var(--h2_typography-font-style);--awb-caption-title-size:var(--h2_typography-font-size);--awb-caption-title-transform:var(--h2_typography-text-transform);--awb-caption-title-line-height:var(--h2_typography-line-height);--awb-caption-title-letter-spacing:var(--h2_typography-letter-spacing);\"><span class=\" fusion-imageframe imageframe-none imageframe-2 hover-type-none img_om_ulvsbomuren\" style=\"margin-left:25px;float:right;\"><img decoding=\"async\" width=\"300\" height=\"199\" src=\"http:\/\/ulvsbomuren.se\/wp-content\/uploads\/2018\/04\/valkommen_till_ulvsbomuren_300x199.jpg\" alt class=\"img-responsive wp-image-419\" srcset=\"https:\/\/ulvsbomuren.se\/wp-content\/uploads\/2018\/04\/valkommen_till_ulvsbomuren_300x199-200x133.jpg 200w, https:\/\/ulvsbomuren.se\/wp-content\/uploads\/2018\/04\/valkommen_till_ulvsbomuren_300x199.jpg 300w\" sizes=\"(max-width: 800px) 100vw, 300px\" \/><\/span><\/div><div class=\"fusion-image-element fusion-image-align-right in-legacy-container\" style=\"text-align:right;--awb-caption-title-font-family:var(--h2_typography-font-family);--awb-caption-title-font-weight:var(--h2_typography-font-weight);--awb-caption-title-font-style:var(--h2_typography-font-style);--awb-caption-title-size:var(--h2_typography-font-size);--awb-caption-title-transform:var(--h2_typography-text-transform);--awb-caption-title-line-height:var(--h2_typography-line-height);--awb-caption-title-letter-spacing:var(--h2_typography-letter-spacing);\"><span class=\" fusion-imageframe imageframe-none imageframe-3 hover-type-none img_om_ulvsbomuren\" style=\"margin-left:25px;float:right;\"><img decoding=\"async\" width=\"300\" height=\"224\" title=\"hemsidan f\u00e5r\" src=\"https:\/\/ulvsbomuren.se\/wp-content\/uploads\/2025\/03\/hemsidan-far-300x224.jpg\" alt class=\"img-responsive wp-image-860\" srcset=\"https:\/\/ulvsbomuren.se\/wp-content\/uploads\/2025\/03\/hemsidan-far-200x149.jpg 200w, https:\/\/ulvsbomuren.se\/wp-content\/uploads\/2025\/03\/hemsidan-far-400x299.jpg 400w, https:\/\/ulvsbomuren.se\/wp-content\/uploads\/2025\/03\/hemsidan-far-600x448.jpg 600w, https:\/\/ulvsbomuren.se\/wp-content\/uploads\/2025\/03\/hemsidan-far.jpg 669w\" sizes=\"(max-width: 800px) 100vw, 400px\" \/><\/span><\/div><div class=\"fusion-image-element fusion-image-align-right in-legacy-container\" style=\"text-align:right;--awb-caption-title-font-family:var(--h2_typography-font-family);--awb-caption-title-font-weight:var(--h2_typography-font-weight);--awb-caption-title-font-style:var(--h2_typography-font-style);--awb-caption-title-size:var(--h2_typography-font-size);--awb-caption-title-transform:var(--h2_typography-text-transform);--awb-caption-title-line-height:var(--h2_typography-line-height);--awb-caption-title-letter-spacing:var(--h2_typography-letter-spacing);\"><span class=\" fusion-imageframe imageframe-none imageframe-4 hover-type-none img_om_ulvsbomuren\" style=\"margin-left:25px;float:right;\"><img decoding=\"async\" width=\"300\" height=\"200\" title=\"hemsida mat 1\" src=\"https:\/\/ulvsbomuren.se\/wp-content\/uploads\/2025\/02\/hemsida-mat-1-300x200.jpg\" alt class=\"img-responsive wp-image-839\" srcset=\"https:\/\/ulvsbomuren.se\/wp-content\/uploads\/2025\/02\/hemsida-mat-1-200x133.jpg 200w, https:\/\/ulvsbomuren.se\/wp-content\/uploads\/2025\/02\/hemsida-mat-1-400x267.jpg 400w, https:\/\/ulvsbomuren.se\/wp-content\/uploads\/2025\/02\/hemsida-mat-1-600x400.jpg 600w, https:\/\/ulvsbomuren.se\/wp-content\/uploads\/2025\/02\/hemsida-mat-1.jpg 750w\" sizes=\"(max-width: 800px) 100vw, 400px\" \/><\/span><\/div><div class=\"fusion-clearfix\"><\/div><\/div><\/div><\/div><\/div>\n","protected":false},"excerpt":{"rendered":"","protected":false},"author":1,"featured_media":0,"parent":0,"menu_order":0,"comment_status":"closed","ping_status":"closed","template":"","meta":{"footnotes":""},"class_list":["post-228","page","type-page","status-publish","hentry"],"_links":{"self":[{"href":"https:\/\/ulvsbomuren.se\/en\/wp-json\/wp\/v2\/pages\/228","targetHints":{"allow":["GET"]}}],"collection":[{"href":"https:\/\/ulvsbomuren.se\/en\/wp-json\/wp\/v2\/pages"}],"about":[{"href":"https:\/\/ulvsbomuren.se\/en\/wp-json\/wp\/v2\/types\/page"}],"author":[{"embeddable":true,"href":"https:\/\/ulvsbomuren.se\/en\/wp-json\/wp\/v2\/users\/1"}],"replies":[{"embeddable":true,"href":"https:\/\/ulvsbomuren.se\/en\/wp-json\/wp\/v2\/comments?post=228"}],"version-history":[{"count":10,"href":"https:\/\/ulvsbomuren.se\/en\/wp-json\/wp\/v2\/pages\/228\/revisions"}],"predecessor-version":[{"id":867,"href":"https:\/\/ulvsbomuren.se\/en\/wp-json\/wp\/v2\/pages\/228\/revisions\/867"}],"wp:attachment":[{"href":"https:\/\/ulvsbomuren.se\/en\/wp-json\/wp\/v2\/media?parent=228"}],"curies":[{"name":"wp","href":"https:\/\/api.w.org\/{rel}","templated":true}]}}